{"id":8,"date":"2024-01-14T00:47:28","date_gmt":"2024-01-14T00:47:28","guid":{"rendered":"https:\/\/richandroast.de\/?page_id=8"},"modified":"2024-02-02T20:59:00","modified_gmt":"2024-02-02T20:59:00","slug":"ueber-uns","status":"publish","type":"page","link":"https:\/\/richandroast.de\/en\/ueber-uns\/","title":{"rendered":"About Us"},"content":{"rendered":"<div class=\"wp-block-group alignfull swt-block-page-banner-group has-foreground-background-color has-background has-global-padding is-layout-constrained wp-container-core-group-is-layout-b0353c60 wp-block-group-is-layout-constrained\" style=\"margin-top:0;margin-bottom:var(--wp--preset--spacing--x-large);background-image:url(&apos;https:\/\/richandroast.de\/wp-content\/uploads\/2024\/01\/Image-2-2-1.jpg&apos;);background-size:cover;\">\n<div class=\"wp-block-columns is-layout-flex wp-container-core-columns-is-layout-28f84493 wp-block-columns-is-layout-flex\">\n<div class=\"wp-block-column is-layout-flow wp-block-column-is-layout-flow\" style=\"flex-basis:100%\"><h1 style=\"margin-top:var(--wp--preset--spacing--x-large);margin-bottom:var(--wp--preset--spacing--large);\" class=\"has-text-align-center swt-block-page-title wp-block-post-title has-text-color has-white-color\">About Us<\/h1><\/div>\n<\/div>\n<\/div>\n\n\n\n<p>Welcome to Rich &amp; Roast GmbH, a global nut manufacturer with a rich history spanning over 40 hectares of plantations, factories and extensive organic supply chains. As one of the leading producers of pistachio nuts, we have approvals from various food authorities, guaranteeing our customers the highest health and safety standards.<\/p>\n\n\n\n<p>Our services cover all steps from agricultural production, manufacturing and packaging to delivery to our customers. This allows us to have complete control over the entire supply chain, ensuring exceptional quality and the ability to take our customers&#039; wishes and needs into account.<\/p>\n\n\n\n<p>Our state-of-the-art laboratory equipment guarantees the quality and safety of our products by using advanced technology to meet industry-specific standards. Motivated by our commitment to improving product quality and customer satisfaction, Rich &amp; Roast offers a diverse selection of premium nuts for various applications.<\/p>\n\n\n\n<p>Our love for nuts and nut products brought us together as a diverse team consisting of farmers, technicians, laboratory experts and engineers. We use our concentrated expertise to fulfill all customer requirements.<\/p>\n\n\n\n<p>Join us on a journey where excellence and innovation meet and experience the world of Rich &amp; Roast, where quality knows no limits.<\/p>","protected":false},"excerpt":{"rendered":"<p>Willkommen bei der Rich &amp; Roast GmbH, einem globalen Hersteller von N\u00fcssen mit einer reichen Geschichte, welche sich auf \u00fcber 40 Hektar Plantagen, Fabriken sowie ausgedehnte \u00f6kologische Lieferketten erstreckt. Als einer der f\u00fchrenden Hersteller von Pistazienkernen verf\u00fcgen wir \u00fcber Genehmigungen von verschiedenen Lebensmittelbeh\u00f6rden, die unseren Kunden die h\u00f6chsten Gesundheits- und Sicherheitsstandards garantieren. Unsere Dienstleistungen umfassen [&hellip;]<\/p>\n","protected":false},"author":1,"featured_media":0,"parent":0,"menu_order":0,"comment_status":"closed","ping_status":"closed","template":"","meta":{"_uag_custom_page_level_css":"","_swt_meta_header_display":false,"_swt_meta_footer_display":false,"_swt_meta_site_title_display":false,"_swt_meta_sticky_header":false,"_swt_meta_transparent_header":false,"footnotes":""},"class_list":["post-8","page","type-page","status-publish","hentry"],"uagb_featured_image_src":{"full":false,"thumbnail":false,"medium":false,"medium_large":false,"large":false,"1536x1536":false,"2048x2048":false,"trp-custom-language-flag":false},"uagb_author_info":{"display_name":"admin","author_link":"https:\/\/richandroast.de\/en\/author\/admin\/"},"uagb_comment_info":0,"uagb_excerpt":"Willkommen bei der Rich &amp; Roast GmbH, einem globalen Hersteller von N\u00fcssen mit einer reichen Geschichte, welche sich auf \u00fcber 40 Hektar Plantagen, Fabriken sowie ausgedehnte \u00f6kologische Lieferketten erstreckt. Als einer der f\u00fchrenden Hersteller von Pistazienkernen verf\u00fcgen wir \u00fcber Genehmigungen von verschiedenen Lebensmittelbeh\u00f6rden, die unseren Kunden die h\u00f6chsten Gesundheits- und Sicherheitsstandards garantieren. Unsere Dienstleistungen umfassen&hellip;","_links":{"self":[{"href":"https:\/\/richandroast.de\/en\/wp-json\/wp\/v2\/pages\/8","targetHints":{"allow":["GET"]}}],"collection":[{"href":"https:\/\/richandroast.de\/en\/wp-json\/wp\/v2\/pages"}],"about":[{"href":"https:\/\/richandroast.de\/en\/wp-json\/wp\/v2\/types\/page"}],"author":[{"embeddable":true,"href":"https:\/\/richandroast.de\/en\/wp-json\/wp\/v2\/users\/1"}],"replies":[{"embeddable":true,"href":"https:\/\/richandroast.de\/en\/wp-json\/wp\/v2\/comments?post=8"}],"version-history":[{"count":7,"href":"https:\/\/richandroast.de\/en\/wp-json\/wp\/v2\/pages\/8\/revisions"}],"predecessor-version":[{"id":175,"href":"https:\/\/richandroast.de\/en\/wp-json\/wp\/v2\/pages\/8\/revisions\/175"}],"wp:attachment":[{"href":"https:\/\/richandroast.de\/en\/wp-json\/wp\/v2\/media?parent=8"}],"curies":[{"name":"wp","href":"https:\/\/api.w.org\/{rel}","templated":true}]}}