{"id":3,"date":"2024-01-07T22:06:48","date_gmt":"2024-01-07T22:06:48","guid":{"rendered":"https:\/\/richandroast.de\/?page_id=3"},"modified":"2024-02-02T20:57:14","modified_gmt":"2024-02-02T20:57:14","slug":"privacy-policy","status":"publish","type":"page","link":"https:\/\/richandroast.de\/en\/privacy-policy\/","title":{"rendered":"Data protection"},"content":{"rendered":"<div class=\"wp-block-group alignfull swt-block-page-banner-group has-foreground-background-color has-background has-global-padding is-layout-constrained wp-container-core-group-is-layout-b0353c60 wp-block-group-is-layout-constrained\" style=\"margin-top:0;margin-bottom:var(--wp--preset--spacing--x-large);background-image:url(&apos;https:\/\/richandroast.de\/wp-content\/uploads\/2024\/01\/\u06af\u0631\u0627\u0646\u0648\u0644-\u06af\u0631\u062f\u0648-016-scaled.jpg&apos;);background-size:cover;\">\n<div class=\"wp-block-columns is-layout-flex wp-container-core-columns-is-layout-28f84493 wp-block-columns-is-layout-flex\">\n<div class=\"wp-block-column is-layout-flow wp-block-column-is-layout-flow\" style=\"flex-basis:100%\"><h1 style=\"margin-top:var(--wp--preset--spacing--x-large);margin-bottom:var(--wp--preset--spacing--large);\" class=\"has-text-align-center swt-block-page-title wp-block-post-title has-text-color has-white-color\">Data protection<\/h1><\/div>\n<\/div>\n<\/div>\n\n\n\n<p>Security and data protection are very important to us. On this page you will find our privacy policy, which explains in detail how we process, store and protect your personal information. Please read our privacy policy carefully to understand how we will treat your information.<\/p>\n\n\n\n<p>We are committed to protecting your privacy and keeping your information secure. Our privacy policy complies with applicable data protection laws and regulations. You will learn what types of information we collect, why we collect it and how we use it. We also explain what control options you have over your personal data.<\/p>\n\n\n\n<p>To download our privacy policy, please click on the links below. If you have any questions or concerns about our privacy policy, please feel free to contact us. We thank you for the trust you have placed in us and assure you that we will treat your data with the utmost responsibility.<\/p>\n\n\n\n<div class=\"wp-block-file has-link-color wp-elements-0f6223a27d6b32b757d75ac300a0d000\"><a id=\"wp-block-file--media-76db4561-f3ad-4ea4-b26c-b85c8b6811a7\" href=\"https:\/\/richandroast.de\/wp-content\/uploads\/2024\/01\/Datenschutzerklaerung-Rich-Roast-GmbH-DE.pdf\"><strong>Data protection declaration Rich &amp; Roast GmbH<\/strong><\/a><\/div>\n\n\n\n<div class=\"wp-block-file has-link-color wp-elements-03a456a892c8e8183eee7de4457da5bc\"><a id=\"wp-block-file--media-76db4561-f3ad-4ea4-b26c-b85c8b6811a7\" href=\"https:\/\/richandroast.de\/wp-content\/uploads\/2024\/01\/Privacy-Policy-Rich-and-Roast-GmbH.pdf\"><strong>Privacy Policy Rich &amp; Roast GmbH<\/strong><\/a><\/div>","protected":false},"excerpt":{"rendered":"<p>Sicherheit und Datenschutz sind uns sehr wichtig. Auf dieser Seite finden Sie unsere Datenschutzrichtlinien, die detailliert erl\u00e4utern, wie wir Ihre pers\u00f6nlichen Informationen verarbeiten, speichern und sch\u00fctzen. Lesen Sie bitte unsere Datenschutzrichtlinien sorgf\u00e4ltig durch, um zu verstehen, wie wir Ihre Daten behandeln. Wir verpflichten uns dazu, Ihre Privatsph\u00e4re zu sch\u00fctzen und Ihre Daten sicher zu verwahren. [&hellip;]<\/p>\n","protected":false},"author":1,"featured_media":0,"parent":0,"menu_order":0,"comment_status":"closed","ping_status":"open","template":"","meta":{"_uag_custom_page_level_css":"","_swt_meta_header_display":false,"_swt_meta_footer_display":false,"_swt_meta_site_title_display":false,"_swt_meta_sticky_header":false,"_swt_meta_transparent_header":false,"footnotes":""},"class_list":["post-3","page","type-page","status-publish","hentry"],"uagb_featured_image_src":{"full":false,"thumbnail":false,"medium":false,"medium_large":false,"large":false,"1536x1536":false,"2048x2048":false,"trp-custom-language-flag":false},"uagb_author_info":{"display_name":"admin","author_link":"https:\/\/richandroast.de\/en\/author\/admin\/"},"uagb_comment_info":0,"uagb_excerpt":"Sicherheit und Datenschutz sind uns sehr wichtig. Auf dieser Seite finden Sie unsere Datenschutzrichtlinien, die detailliert erl\u00e4utern, wie wir Ihre pers\u00f6nlichen Informationen verarbeiten, speichern und sch\u00fctzen. Lesen Sie bitte unsere Datenschutzrichtlinien sorgf\u00e4ltig durch, um zu verstehen, wie wir Ihre Daten behandeln. Wir verpflichten uns dazu, Ihre Privatsph\u00e4re zu sch\u00fctzen und Ihre Daten sicher zu verwahren.&hellip;","_links":{"self":[{"href":"https:\/\/richandroast.de\/en\/wp-json\/wp\/v2\/pages\/3","targetHints":{"allow":["GET"]}}],"collection":[{"href":"https:\/\/richandroast.de\/en\/wp-json\/wp\/v2\/pages"}],"about":[{"href":"https:\/\/richandroast.de\/en\/wp-json\/wp\/v2\/types\/page"}],"author":[{"embeddable":true,"href":"https:\/\/richandroast.de\/en\/wp-json\/wp\/v2\/users\/1"}],"replies":[{"embeddable":true,"href":"https:\/\/richandroast.de\/en\/wp-json\/wp\/v2\/comments?post=3"}],"version-history":[{"count":6,"href":"https:\/\/richandroast.de\/en\/wp-json\/wp\/v2\/pages\/3\/revisions"}],"predecessor-version":[{"id":171,"href":"https:\/\/richandroast.de\/en\/wp-json\/wp\/v2\/pages\/3\/revisions\/171"}],"wp:attachment":[{"href":"https:\/\/richandroast.de\/en\/wp-json\/wp\/v2\/media?parent=3"}],"curies":[{"name":"wp","href":"https:\/\/api.w.org\/{rel}","templated":true}]}}